{"id":131,"date":"2025-01-12T18:13:11","date_gmt":"2025-01-12T23:13:11","guid":{"rendered":"https:\/\/prefing.umsa.edu.bo\/?page_id=131"},"modified":"2025-01-12T19:26:54","modified_gmt":"2025-01-13T00:26:54","slug":"carreras","status":"publish","type":"page","link":"https:\/\/prefing.umsa.edu.bo\/index.php\/carreras\/","title":{"rendered":"Carreras"},"content":{"rendered":"\t\t<div data-elementor-type=\"wp-page\" data-elementor-id=\"131\" class=\"elementor elementor-131\" data-elementor-post-type=\"page\">\n\t\t\t\t<div class=\"elementor-element elementor-element-f5aed8b e-flex e-con-boxed e-con e-parent\" data-id=\"f5aed8b\" data-element_type=\"container\" data-e-type=\"container\">\n\t\t\t\t\t<div class=\"e-con-inner\">\n\t\t\t\t<div class=\"elementor-element elementor-element-adb4947 elementor-widget elementor-widget-heading\" data-id=\"adb4947\" data-element_type=\"widget\" data-e-type=\"widget\" data-widget_type=\"heading.default\">\n\t\t\t\t<div class=\"elementor-widget-container\">\n\t\t\t\t\t<h2 class=\"elementor-heading-title elementor-size-default\">Nuestras Carreras<\/h2>\t\t\t\t<\/div>\n\t\t\t\t<\/div>\n\t\t\t\t<div class=\"elementor-element elementor-element-a8f3a67 elementor-widget elementor-widget-spacer\" data-id=\"a8f3a67\" data-element_type=\"widget\" data-e-type=\"widget\" data-widget_type=\"spacer.default\">\n\t\t\t\t<div class=\"elementor-widget-container\">\n\t\t\t\t\t\t\t<div class=\"elementor-spacer\">\n\t\t\t<div class=\"elementor-spacer-inner\"><\/div>\n\t\t<\/div>\n\t\t\t\t\t\t<\/div>\n\t\t\t\t<\/div>\n\t\t\t\t\t<\/div>\n\t\t\t\t<\/div>\n\t\t<div class=\"elementor-element elementor-element-fdc962d e-grid e-con-boxed e-con e-parent\" data-id=\"fdc962d\" data-element_type=\"container\" data-e-type=\"container\">\n\t\t\t\t\t<div class=\"e-con-inner\">\n\t\t\t\t<div class=\"elementor-element elementor-element-b8a8e67 elementor-widget elementor-widget-image\" data-id=\"b8a8e67\" data-element_type=\"widget\" data-e-type=\"widget\" data-widget_type=\"image.default\">\n\t\t\t\t<div class=\"elementor-widget-container\">\n\t\t\t\t\t\t\t\t\t\t\t\t\t\t\t\t<a href=\"https:\/\/petrolera.umsa.edu.bo\/\" target=\"_blank\">\n\t\t\t\t\t\t\t<img fetchpriority=\"high\" decoding=\"async\" width=\"768\" height=\"954\" src=\"https:\/\/prefing.umsa.edu.bo\/wp-content\/uploads\/2025\/01\/logo-PET-768x954.png\" class=\"attachment-medium_large size-medium_large wp-image-138\" alt=\"\" srcset=\"https:\/\/prefing.umsa.edu.bo\/wp-content\/uploads\/2025\/01\/logo-PET-768x954.png 768w, https:\/\/prefing.umsa.edu.bo\/wp-content\/uploads\/2025\/01\/logo-PET-241x300.png 241w, https:\/\/prefing.umsa.edu.bo\/wp-content\/uploads\/2025\/01\/logo-PET-824x1024.png 824w, https:\/\/prefing.umsa.edu.bo\/wp-content\/uploads\/2025\/01\/logo-PET.png 1188w\" sizes=\"(max-width: 768px) 100vw, 768px\" \/>\t\t\t\t\t\t\t\t<\/a>\n\t\t\t\t\t\t\t\t\t\t\t\t\t\t\t<\/div>\n\t\t\t\t<\/div>\n\t\t\t\t<div class=\"elementor-element elementor-element-bb36cdb elementor-widget elementor-widget-text-editor\" data-id=\"bb36cdb\" data-element_type=\"widget\" data-e-type=\"widget\" data-widget_type=\"text-editor.default\">\n\t\t\t\t<div class=\"elementor-widget-container\">\n\t\t\t\t\t\t\t\t\t<p><strong>INGENIER\u00cdA PETROLERA<\/strong><\/p><p>Formar profesionales para satisfacer los requerimientos de la industria petrolera estatal y privada.<\/p>\t\t\t\t\t\t\t\t<\/div>\n\t\t\t\t<\/div>\n\t\t\t\t<div class=\"elementor-element elementor-element-25ea771 elementor-widget elementor-widget-image\" data-id=\"25ea771\" data-element_type=\"widget\" data-e-type=\"widget\" data-widget_type=\"image.default\">\n\t\t\t\t<div class=\"elementor-widget-container\">\n\t\t\t\t\t\t\t\t\t\t\t\t\t\t\t\t<a href=\"https:\/\/mecanica.umsa.edu.bo\/\" target=\"_blank\">\n\t\t\t\t\t\t\t<img decoding=\"async\" width=\"205\" height=\"300\" src=\"https:\/\/prefing.umsa.edu.bo\/wp-content\/uploads\/2025\/01\/MECG-LOGO-205x300.png\" class=\"attachment-medium size-medium wp-image-139\" alt=\"\" srcset=\"https:\/\/prefing.umsa.edu.bo\/wp-content\/uploads\/2025\/01\/MECG-LOGO-205x300.png 205w, https:\/\/prefing.umsa.edu.bo\/wp-content\/uploads\/2025\/01\/MECG-LOGO.png 507w\" sizes=\"(max-width: 205px) 100vw, 205px\" \/>\t\t\t\t\t\t\t\t<\/a>\n\t\t\t\t\t\t\t\t\t\t\t\t\t\t\t<\/div>\n\t\t\t\t<\/div>\n\t\t\t\t<div class=\"elementor-element elementor-element-aa6c854 elementor-widget elementor-widget-text-editor\" data-id=\"aa6c854\" data-element_type=\"widget\" data-e-type=\"widget\" data-widget_type=\"text-editor.default\">\n\t\t\t\t<div class=\"elementor-widget-container\">\n\t\t\t\t\t\t\t\t\t<p>\u00a0<strong>INGENIER\u00cdA MEC\u00c1NICA<\/strong><\/p><p>Formar Ingenieros Mec\u00e1nicos, Electromec\u00e1nicos, Mecatronicos y Automotrices.<\/p>\t\t\t\t\t\t\t\t<\/div>\n\t\t\t\t<\/div>\n\t\t\t\t<div class=\"elementor-element elementor-element-f30d8e1 elementor-widget elementor-widget-image\" data-id=\"f30d8e1\" data-element_type=\"widget\" data-e-type=\"widget\" data-widget_type=\"image.default\">\n\t\t\t\t<div class=\"elementor-widget-container\">\n\t\t\t\t\t\t\t\t\t\t\t\t\t\t\t\t<a href=\"https:\/\/industrial.umsa.bo\/\" target=\"_blank\">\n\t\t\t\t\t\t\t<img decoding=\"async\" width=\"908\" height=\"1024\" src=\"https:\/\/prefing.umsa.edu.bo\/wp-content\/uploads\/2025\/01\/nuevo-logo-industrial-2-908x1024.png\" class=\"attachment-large size-large wp-image-140\" alt=\"\" srcset=\"https:\/\/prefing.umsa.edu.bo\/wp-content\/uploads\/2025\/01\/nuevo-logo-industrial-2-908x1024.png 908w, https:\/\/prefing.umsa.edu.bo\/wp-content\/uploads\/2025\/01\/nuevo-logo-industrial-2-266x300.png 266w, https:\/\/prefing.umsa.edu.bo\/wp-content\/uploads\/2025\/01\/nuevo-logo-industrial-2-768x866.png 768w, https:\/\/prefing.umsa.edu.bo\/wp-content\/uploads\/2025\/01\/nuevo-logo-industrial-2.png 1201w\" sizes=\"(max-width: 908px) 100vw, 908px\" \/>\t\t\t\t\t\t\t\t<\/a>\n\t\t\t\t\t\t\t\t\t\t\t\t\t\t\t<\/div>\n\t\t\t\t<\/div>\n\t\t\t\t<div class=\"elementor-element elementor-element-9459f60 elementor-widget elementor-widget-text-editor\" data-id=\"9459f60\" data-element_type=\"widget\" data-e-type=\"widget\" data-widget_type=\"text-editor.default\">\n\t\t\t\t<div class=\"elementor-widget-container\">\n\t\t\t\t\t\t\t\t\t<p><strong>INGENIER\u00cdA INDUSTRIAL<\/strong><\/p><p>Formar profesionales tanto en el Grado como en el Postgrado con capacidad de responder a las necesidades del desarrollo tecnol\u00f3gico e industrial del pa\u00eds.<\/p>\t\t\t\t\t\t\t\t<\/div>\n\t\t\t\t<\/div>\n\t\t\t\t<div class=\"elementor-element elementor-element-b42a237 elementor-widget elementor-widget-image\" data-id=\"b42a237\" data-element_type=\"widget\" data-e-type=\"widget\" data-widget_type=\"image.default\">\n\t\t\t\t<div class=\"elementor-widget-container\">\n\t\t\t\t\t\t\t\t\t\t\t\t\t\t\t\t<a href=\"https:\/\/ingenieriaquimica.umsa.edu.bo\/\" target=\"_blank\">\n\t\t\t\t\t\t\t<img loading=\"lazy\" decoding=\"async\" width=\"1024\" height=\"1000\" src=\"https:\/\/prefing.umsa.edu.bo\/wp-content\/uploads\/2025\/01\/logo-carrerapng-1024x1000.png\" class=\"attachment-large size-large wp-image-136\" alt=\"\" srcset=\"https:\/\/prefing.umsa.edu.bo\/wp-content\/uploads\/2025\/01\/logo-carrerapng-1024x1000.png 1024w, https:\/\/prefing.umsa.edu.bo\/wp-content\/uploads\/2025\/01\/logo-carrerapng-300x293.png 300w, https:\/\/prefing.umsa.edu.bo\/wp-content\/uploads\/2025\/01\/logo-carrerapng-768x750.png 768w, https:\/\/prefing.umsa.edu.bo\/wp-content\/uploads\/2025\/01\/logo-carrerapng.png 1280w\" sizes=\"(max-width: 1024px) 100vw, 1024px\" \/>\t\t\t\t\t\t\t\t<\/a>\n\t\t\t\t\t\t\t\t\t\t\t\t\t\t\t<\/div>\n\t\t\t\t<\/div>\n\t\t\t\t<div class=\"elementor-element elementor-element-3dcf6db elementor-widget elementor-widget-text-editor\" data-id=\"3dcf6db\" data-element_type=\"widget\" data-e-type=\"widget\" data-widget_type=\"text-editor.default\">\n\t\t\t\t<div class=\"elementor-widget-container\">\n\t\t\t\t\t\t\t\t\t<p><strong>INGENIER\u00cdA QU\u00cdMICA<\/strong><\/p><p>Formar profesionales en las especialidades de Ingenier\u00eda Qu\u00edmica con grado de Licenciatura y\/o grado de Maestr\u00eda para responder a las necesidades de desarrollo del pa\u00eds.<\/p>\t\t\t\t\t\t\t\t<\/div>\n\t\t\t\t<\/div>\n\t\t\t\t<div class=\"elementor-element elementor-element-2756f3d elementor-widget elementor-widget-image\" data-id=\"2756f3d\" data-element_type=\"widget\" data-e-type=\"widget\" data-widget_type=\"image.default\">\n\t\t\t\t<div class=\"elementor-widget-container\">\n\t\t\t\t\t\t\t\t\t\t\t\t\t\t\t\t<a href=\"http:\/\/electronica.umsa.bo\/\" target=\"_blank\">\n\t\t\t\t\t\t\t<img loading=\"lazy\" decoding=\"async\" width=\"200\" height=\"300\" src=\"https:\/\/prefing.umsa.edu.bo\/wp-content\/uploads\/2025\/01\/Logo-ETN.png\" class=\"attachment-large size-large wp-image-137\" alt=\"\" \/>\t\t\t\t\t\t\t\t<\/a>\n\t\t\t\t\t\t\t\t\t\t\t\t\t\t\t<\/div>\n\t\t\t\t<\/div>\n\t\t\t\t<div class=\"elementor-element elementor-element-9492512 elementor-widget elementor-widget-text-editor\" data-id=\"9492512\" data-element_type=\"widget\" data-e-type=\"widget\" data-widget_type=\"text-editor.default\">\n\t\t\t\t<div class=\"elementor-widget-container\">\n\t\t\t\t\t\t\t\t\t<p>\u00a0<br \/><strong>INGENIER\u00cdA ELECTR\u00d3NICA<\/strong><\/p><p>El Ingeniero Electr\u00f3nico aplica las ciencias y el m\u00e9todo cient\u00edfico, al an\u00e1lisis y soluci\u00f3n de los problemas tecnol\u00f3gicos-econ\u00f3micos.<\/p>\t\t\t\t\t\t\t\t<\/div>\n\t\t\t\t<\/div>\n\t\t\t\t<div class=\"elementor-element elementor-element-8a5cabf elementor-widget elementor-widget-image\" data-id=\"8a5cabf\" data-element_type=\"widget\" data-e-type=\"widget\" data-widget_type=\"image.default\">\n\t\t\t\t<div class=\"elementor-widget-container\">\n\t\t\t\t\t\t\t\t\t\t\t\t\t\t\t\t<a href=\"https:\/\/electrica.umsa.edu.bo\/\" target=\"_blank\">\n\t\t\t\t\t\t\t<img loading=\"lazy\" decoding=\"async\" width=\"1024\" height=\"1024\" src=\"https:\/\/prefing.umsa.edu.bo\/wp-content\/uploads\/2025\/01\/Electrica-1024x1024.png\" class=\"attachment-large size-large wp-image-134\" alt=\"\" srcset=\"https:\/\/prefing.umsa.edu.bo\/wp-content\/uploads\/2025\/01\/Electrica-1024x1024.png 1024w, https:\/\/prefing.umsa.edu.bo\/wp-content\/uploads\/2025\/01\/Electrica-300x300.png 300w, https:\/\/prefing.umsa.edu.bo\/wp-content\/uploads\/2025\/01\/Electrica-150x150.png 150w, https:\/\/prefing.umsa.edu.bo\/wp-content\/uploads\/2025\/01\/Electrica-768x768.png 768w, https:\/\/prefing.umsa.edu.bo\/wp-content\/uploads\/2025\/01\/Electrica.png 1325w\" sizes=\"(max-width: 1024px) 100vw, 1024px\" \/>\t\t\t\t\t\t\t\t<\/a>\n\t\t\t\t\t\t\t\t\t\t\t\t\t\t\t<\/div>\n\t\t\t\t<\/div>\n\t\t\t\t<div class=\"elementor-element elementor-element-77ecb1e elementor-widget elementor-widget-text-editor\" data-id=\"77ecb1e\" data-element_type=\"widget\" data-e-type=\"widget\" data-widget_type=\"text-editor.default\">\n\t\t\t\t<div class=\"elementor-widget-container\">\n\t\t\t\t\t\t\t\t\t<p>\u00a0<br \/><strong>INGENIER\u00cdA EL\u00c9CTRICA<\/strong><br \/>Ingenieros capacitados en la elaboraci\u00f3n de proyectos, construcci\u00f3n, operaci\u00f3n y mantenimiento de sistemas el\u00e9ctricos<\/p>\t\t\t\t\t\t\t\t<\/div>\n\t\t\t\t<\/div>\n\t\t\t\t<div class=\"elementor-element elementor-element-1b75cc6 elementor-widget elementor-widget-image\" data-id=\"1b75cc6\" data-element_type=\"widget\" data-e-type=\"widget\" data-widget_type=\"image.default\">\n\t\t\t\t<div class=\"elementor-widget-container\">\n\t\t\t\t\t\t\t\t\t\t\t\t\t\t\t\t<a href=\"https:\/\/ingenieriacivil.umsa.bo\/\" target=\"_blank\">\n\t\t\t\t\t\t\t<img loading=\"lazy\" decoding=\"async\" width=\"647\" height=\"647\" src=\"https:\/\/prefing.umsa.edu.bo\/wp-content\/uploads\/2025\/01\/Carrera-TRANSPARENTE-647x647-1.png\" class=\"attachment-large size-large wp-image-141\" alt=\"\" srcset=\"https:\/\/prefing.umsa.edu.bo\/wp-content\/uploads\/2025\/01\/Carrera-TRANSPARENTE-647x647-1.png 647w, https:\/\/prefing.umsa.edu.bo\/wp-content\/uploads\/2025\/01\/Carrera-TRANSPARENTE-647x647-1-300x300.png 300w, https:\/\/prefing.umsa.edu.bo\/wp-content\/uploads\/2025\/01\/Carrera-TRANSPARENTE-647x647-1-150x150.png 150w\" sizes=\"(max-width: 647px) 100vw, 647px\" \/>\t\t\t\t\t\t\t\t<\/a>\n\t\t\t\t\t\t\t\t\t\t\t\t\t\t\t<\/div>\n\t\t\t\t<\/div>\n\t\t\t\t<div class=\"elementor-element elementor-element-56e76e0 elementor-widget elementor-widget-text-editor\" data-id=\"56e76e0\" data-element_type=\"widget\" data-e-type=\"widget\" data-widget_type=\"text-editor.default\">\n\t\t\t\t<div class=\"elementor-widget-container\">\n\t\t\t\t\t\t\t\t\t<p>\u00a0<br \/><strong>INGENIER\u00cdA CIVIL<\/strong><br \/>Formar ingenieros civiles idoneos de la reconocida calidad y excelencia para el crecimiento y desarrollo sustentable del pais.<\/p>\t\t\t\t\t\t\t\t<\/div>\n\t\t\t\t<\/div>\n\t\t\t\t<div class=\"elementor-element elementor-element-70b4f16 elementor-widget elementor-widget-image\" data-id=\"70b4f16\" data-element_type=\"widget\" data-e-type=\"widget\" data-widget_type=\"image.default\">\n\t\t\t\t<div class=\"elementor-widget-container\">\n\t\t\t\t\t\t\t\t\t\t\t\t\t\t\t\t<a href=\"https:\/\/metmat.umsa.edu.bo\/\" target=\"_blank\">\n\t\t\t\t\t\t\t<img loading=\"lazy\" decoding=\"async\" width=\"208\" height=\"65\" src=\"https:\/\/prefing.umsa.edu.bo\/wp-content\/uploads\/2025\/01\/IMETMAT.jpeg\" class=\"attachment-large size-large wp-image-135\" alt=\"\" \/>\t\t\t\t\t\t\t\t<\/a>\n\t\t\t\t\t\t\t\t\t\t\t\t\t\t\t<\/div>\n\t\t\t\t<\/div>\n\t\t\t\t<div class=\"elementor-element elementor-element-a56fd4d elementor-widget elementor-widget-text-editor\" data-id=\"a56fd4d\" data-element_type=\"widget\" data-e-type=\"widget\" data-widget_type=\"text-editor.default\">\n\t\t\t\t<div class=\"elementor-widget-container\">\n\t\t\t\t\t\t\t\t\t<p>\u00a0<br \/><strong>INGENIER\u00cdA METALURFGIA Y MATERIALES<\/strong><br \/>Formar y capacitar profesionales graduados y post-graduados de alto nivel en Ingenier\u00eda Metal\u00fargica e Ingenier\u00eda en Materiales.<\/p>\t\t\t\t\t\t\t\t<\/div>\n\t\t\t\t<\/div>\n\t\t\t\t\t<\/div>\n\t\t\t\t<\/div>\n\t\t\t\t<\/div>\n\t\t","protected":false},"excerpt":{"rendered":"<p>Nuestras Carreras INGENIER\u00cdA PETROLERA Formar profesionales para satisfacer los requerimientos de la industria petrolera estatal y privada. \u00a0INGENIER\u00cdA MEC\u00c1NICA Formar [&hellip;]<\/p>\n","protected":false},"author":2,"featured_media":0,"parent":0,"menu_order":0,"comment_status":"closed","ping_status":"closed","template":"","meta":{"site-sidebar-layout":"no-sidebar","site-content-layout":"","ast-site-content-layout":"full-width-container","site-content-style":"default","site-sidebar-style":"default","ast-global-header-display":"","ast-banner-title-visibility":"","ast-main-header-display":"","ast-hfb-above-header-display":"","ast-hfb-below-header-display":"","ast-hfb-mobile-header-display":"","site-post-title":"disabled","ast-breadcrumbs-content":"","ast-featured-img":"disabled","footer-sml-layout":"","ast-disable-related-posts":"","theme-transparent-header-meta":"","adv-header-id-meta":"","stick-header-meta":"","header-above-stick-meta":"","header-main-stick-meta":"","header-below-stick-meta":"","astra-migrate-meta-layouts":"default","ast-page-background-enabled":"default","ast-page-background-meta":{"desktop":{"background-color":"var(--ast-global-color-4)","background-image":"","background-repeat":"repeat","background-position":"center center","background-size":"auto","background-attachment":"scroll","background-type":"","background-media":"","overlay-type":"","overlay-color":"","overlay-opacity":"","overlay-gradient":""},"tablet":{"background-color":"","background-image":"","background-repeat":"repeat","background-position":"center center","background-size":"auto","background-attachment":"scroll","background-type":"","background-media":"","overlay-type":"","overlay-color":"","overlay-opacity":"","overlay-gradient":""},"mobile":{"background-color":"","background-image":"","background-repeat":"repeat","background-position":"center center","background-size":"auto","background-attachment":"scroll","background-type":"","background-media":"","overlay-type":"","overlay-color":"","overlay-opacity":"","overlay-gradient":""}},"ast-content-background-meta":{"desktop":{"background-color":"var(--ast-global-color-5)","background-image":"","background-repeat":"repeat","background-position":"center center","background-size":"auto","background-attachment":"scroll","background-type":"","background-media":"","overlay-type":"","overlay-color":"","overlay-opacity":"","overlay-gradient":""},"tablet":{"background-color":"var(--ast-global-color-5)","background-image":"","background-repeat":"repeat","background-position":"center center","background-size":"auto","background-attachment":"scroll","background-type":"","background-media":"","overlay-type":"","overlay-color":"","overlay-opacity":"","overlay-gradient":""},"mobile":{"background-color":"var(--ast-global-color-5)","background-image":"","background-repeat":"repeat","background-position":"center center","background-size":"auto","background-attachment":"scroll","background-type":"","background-media":"","overlay-type":"","overlay-color":"","overlay-opacity":"","overlay-gradient":""}},"footnotes":""},"class_list":["post-131","page","type-page","status-publish","hentry"],"_links":{"self":[{"href":"https:\/\/prefing.umsa.edu.bo\/index.php\/wp-json\/wp\/v2\/pages\/131","targetHints":{"allow":["GET"]}}],"collection":[{"href":"https:\/\/prefing.umsa.edu.bo\/index.php\/wp-json\/wp\/v2\/pages"}],"about":[{"href":"https:\/\/prefing.umsa.edu.bo\/index.php\/wp-json\/wp\/v2\/types\/page"}],"author":[{"embeddable":true,"href":"https:\/\/prefing.umsa.edu.bo\/index.php\/wp-json\/wp\/v2\/users\/2"}],"replies":[{"embeddable":true,"href":"https:\/\/prefing.umsa.edu.bo\/index.php\/wp-json\/wp\/v2\/comments?post=131"}],"version-history":[{"count":16,"href":"https:\/\/prefing.umsa.edu.bo\/index.php\/wp-json\/wp\/v2\/pages\/131\/revisions"}],"predecessor-version":[{"id":202,"href":"https:\/\/prefing.umsa.edu.bo\/index.php\/wp-json\/wp\/v2\/pages\/131\/revisions\/202"}],"wp:attachment":[{"href":"https:\/\/prefing.umsa.edu.bo\/index.php\/wp-json\/wp\/v2\/media?parent=131"}],"curies":[{"name":"wp","href":"https:\/\/api.w.org\/{rel}","templated":true}]}}